{"id":11920,"date":"2017-01-30T18:52:07","date_gmt":"2017-01-30T16:52:07","guid":{"rendered":"http:\/\/kinnisvara3.sitedesign.ee\/uslugi\/upravlenie-obektami-nedvizhimosti\/"},"modified":"2017-03-28T21:33:16","modified_gmt":"2017-03-28T19:33:16","slug":"upravlenie-obektami-nedvizhimosti","status":"publish","type":"page","link":"https:\/\/kinnisvara.stabimer.ee\/et\/uslugi\/upravlenie-obektami-nedvizhimosti\/","title":{"rendered":"Kinnisvaraobjektide haldamine"},"content":{"rendered":"<div class=\"wpb-content-wrapper\"><p>[vc_row padding_top=&#8221;&#8221; class=&#8221;page_title_row marginlr-15&#8243;][vc_column][vc_column_text custom_style=&#8221;padding-bottom: 50px;&#8221;]<\/p>\n<h1 style=\"text-align: center;\">Objekti juhtimine<\/h1>\n<div class=\"noo-text-block\">\n<p><strong>Stabimer Kinnisvara O\u00dc n\u00e4ol omandate oma kinnisvara jaoks usaldusv\u00e4\u00e4rse ja professionaalse halduri. Meie asjatundlik ja efektiivne spetsialist teeb k\u00f5ik v\u00f5imaliku, et tema hallataval objektil ja teil kui tellijal oleks alati hea maine ja seega stabiilne tulu!<\/strong><\/p>\n<\/div>\n<div class=\"noo-text-block\">\n<p><strong>Haldur:<\/strong><\/p>\n<ul>\n<li><strong>peab l\u00e4bir\u00e4\u00e4kimisi<\/strong> potentsiaalsete klientidega, kes pinda \u00fc\u00fcrida v\u00f5i osta soovivad;<\/li>\n<li><strong>selgitab klientidele asjatundlikult ja argumenteeritult k\u00fcsimusi, mis puudutavad objekti maksumust ja atraktiivsust \u00fc\u00fcrnikele v\u00f5i investoritele;<\/strong><\/li>\n<li>t\u00f6\u00f6tab v\u00e4lja kinnisvaraobjekti kasutamise strateegia, koostab tellijale vastava eelarve ja kontrollib sellest kinnipidamist;<\/li>\n<li><strong>kontrollib p\u00f5hiliste rahavoogude (renditulu) vastavust tellija eesm\u00e4rkidele<\/strong> l\u00fchikeses ja pikas perspektiivis;<\/li>\n<li><strong>anal\u00fc\u00fcsib pidevalt tema hoolde usaldatud objekti jooksvat seisukorda, et kaardistada edasised toimingud ja teha k\u00f5ik vajalikud parendused<\/strong>, mis on suunatud tellija strateegiliste eesm\u00e4rkide (<strong>kasumi<\/strong>) saavutamisele;<\/li>\n<li><strong>reageerib kiiresti ja m\u00f5istlikult turu muutustele neid v\u00f5imalusel ennetades<\/strong> (l\u00e4htub talle antud volitustest otsuste vastuv\u00f5tmise osas ja kujunenud usaldussuhetest objekti omaniku v\u00f5i investoriga);<\/li>\n<li><strong>arendab ja rakendab kasutamise standardeid<\/strong>, korraldab k\u00f5ikide tehnotalituste t\u00f6\u00f6d, <strong>vastutab remondi ja \u00fcmberehituse eest<\/strong>, tagab ehitise tehnos\u00fcsteemide h\u00e4ireteta t\u00f6\u00f6;<\/li>\n<li><strong>hoiab objekti konkurentsiv\u00f5imelisena, tehes operatiivset koost\u00f6\u00f6d k\u00f5ikide \u00fc\u00fcrnike<\/strong>, omanike, t\u00f6\u00f6v\u00f5tjate ja kontrolli teostavate ametitega;<\/li>\n<li><strong>tegeleb nii kvaliteetse sise- ja v\u00e4liskoristuse kui ka territooriumi ja objekti ruumide haljastamisega<\/strong>, mis, nagu kogemus n\u00e4itab, on \u00fc\u00fcrnike jaoks juba t\u00e4na v\u00e4ga atraktiivne ja mille v\u00e4\u00e4rtus aja jooksul ainult kasvab;<\/li>\n<li><strong>juhib personali<\/strong>, vajadusel korraldab t\u00f6\u00f6tajate koolitamist, kontrollib k\u00f5ikide t\u00f6\u00f6kaitse- ja tuleohutusn\u00f5uete j\u00e4rgimist objektil;<\/li>\n<li><strong>tegeleb operatiivselt ja t\u00f5husalt v\u00f5lgnikega, s\u00e4ilitades seel\u00e4bi kliendi \u00fc\u00fcritulu;<\/strong><\/li>\n<li><strong>teavitab tellijat \u00f5igeaegselt ja ausalt<\/strong> k\u00f5igest, mis toimub spetsialisti hoolde usaldatud kinnisvaraobjektil.<\/li>\n<\/ul>\n<p><strong>Meie haldur on alati motiveeritud osutama kvaliteetseid teenuseid<\/strong> ja looma pikaajalisi partnerlussuhteid, <strong>arvestades iga kliendi k\u00f5iki vajadusi ja soove.<\/strong><\/p>\n<p><strong>Oleme kindlad, et iga omanik soovib oma kinnisvara usaldusv\u00e4\u00e4rses halduris n\u00e4ha mitte m\u00f6\u00f6blieset, vaid inimest, kes suudab reaalselt objekti hallata. P\u00f6\u00f6rduge meie poole ja te ei kahetse oma valikut!<\/strong><\/p>\n<\/div>\n<p>[\/vc_column_text][\/vc_column][\/vc_row]<\/p>\n<\/div>","protected":false},"excerpt":{"rendered":"<p>Stabimer Kinnisvara O\u00dc n\u00e4ol omandate oma kinnisvara jaoks usaldusv\u00e4\u00e4rse ja professionaalse halduri. Meie asjatundlik ja efektiivne spetsialist teeb k\u00f5ik v\u00f5imaliku, et tema hallataval objektil ja teil kui tellijal oleks alati hea maine ja seega stabiilne tulu!<\/p>\n<div class=\"service_button\">Loe edasi<\/div>\n","protected":false},"author":2,"featured_media":11981,"parent":11914,"menu_order":0,"comment_status":"closed","ping_status":"closed","template":"","meta":{"inline_featured_image":false,"footnotes":""},"class_list":["post-11920","page","type-page","status-publish","has-post-thumbnail","hentry","has-featured"],"_links":{"self":[{"href":"https:\/\/kinnisvara.stabimer.ee\/et\/wp-json\/wp\/v2\/pages\/11920","targetHints":{"allow":["GET"]}}],"collection":[{"href":"https:\/\/kinnisvara.stabimer.ee\/et\/wp-json\/wp\/v2\/pages"}],"about":[{"href":"https:\/\/kinnisvara.stabimer.ee\/et\/wp-json\/wp\/v2\/types\/page"}],"author":[{"embeddable":true,"href":"https:\/\/kinnisvara.stabimer.ee\/et\/wp-json\/wp\/v2\/users\/2"}],"replies":[{"embeddable":true,"href":"https:\/\/kinnisvara.stabimer.ee\/et\/wp-json\/wp\/v2\/comments?post=11920"}],"version-history":[{"count":7,"href":"https:\/\/kinnisvara.stabimer.ee\/et\/wp-json\/wp\/v2\/pages\/11920\/revisions"}],"predecessor-version":[{"id":12436,"href":"https:\/\/kinnisvara.stabimer.ee\/et\/wp-json\/wp\/v2\/pages\/11920\/revisions\/12436"}],"up":[{"embeddable":true,"href":"https:\/\/kinnisvara.stabimer.ee\/et\/wp-json\/wp\/v2\/pages\/11914"}],"wp:featuredmedia":[{"embeddable":true,"href":"https:\/\/kinnisvara.stabimer.ee\/et\/wp-json\/wp\/v2\/media\/11981"}],"wp:attachment":[{"href":"https:\/\/kinnisvara.stabimer.ee\/et\/wp-json\/wp\/v2\/media?parent=11920"}],"curies":[{"name":"wp","href":"https:\/\/api.w.org\/{rel}","templated":true}]}}