{"id":11919,"date":"2017-01-31T12:27:08","date_gmt":"2017-01-31T10:27:08","guid":{"rendered":"http:\/\/kinnisvara3.sitedesign.ee\/uslugi\/stroitelnie-uslugi\/"},"modified":"2017-03-28T21:32:48","modified_gmt":"2017-03-28T19:32:48","slug":"stroitelnie-uslugi","status":"publish","type":"page","link":"https:\/\/kinnisvara.stabimer.ee\/et\/uslugi\/stroitelnie-uslugi\/","title":{"rendered":"Ehitusteenused"},"content":{"rendered":"<div class=\"wpb-content-wrapper\"><p>[vc_row padding_top=&#8221;&#8221; class=&#8221;page_title_row marginlr-15&#8243;][vc_column][vc_column_text]<\/p>\n<h1 style=\"text-align: center;\">Ehitusteenused<\/h1>\n<p><strong>T\u00e4na on unistust isiklikust elukohast v\u00f5i maja ehitamisest edasise m\u00fc\u00fcgi eesm\u00e4rgil<\/strong> kerge ellu viia, eriti kui p\u00f6\u00f6rdute meie ettev\u00f5ttesse, mis pakub <strong>sissekolimisvalmis majade ehitamist.<\/strong><\/p>\n<p><strong>Meie esmaklassilised spetsialistid (usaldusv\u00e4\u00e4rsed suure kogemuste pagasiga partnerid)<\/strong> teevad tellija soovil k\u00f5ik t\u00f6\u00f6d, alustades projekti dokumentide ja k\u00f5ikide vajalike lubade ning koosk\u00f5lastuste vormistamisega, l\u00f5petades ehitatud maja juurde kuuluva territooriumi korrastamise ja ruumide sisekujundamisega.<\/p>\n<p><strong>Teie peate vaid valima ehituse jaoks sobiva maat\u00fcki ja finantseerimise viisi.<\/strong> Kui maat\u00fckk on juba olemas, aitame t\u00f6\u00f6de maksumuse koosk\u00f5lastada, ehitusmaterjalid valida ja t\u00f6\u00f6de mahu m\u00e4\u00e4rata ehk siis teha k\u00f5ik, et teie unistus hakkaks t\u00e4ituma.<\/p>\n<p><strong>Meie spetsialistidel ja partneritel on alati eri tasemega projektid ka endal olemas.<\/strong> Samuti aitame operatiivselt ette valmistada individuaalse projekti vastavalt teie soovidele ja n\u00f5udmistele.<\/p>\n<p><strong>Kui olete investor, siis teate, et majade ehitus on \u00fcheks k\u00f5ige perspektiivsemaks ja tulusamaks ettev\u00f5tluse vormiks igas riigis. Ka Eesti pole selles erand:<\/strong> vaadake vaid elukohtade n\u00f5udlust suurlinnades ja nendes v\u00e4ljas. Ostjateks on aga nii EV elanikud kui ka v\u00e4lismaalased.<\/p>\n<p><strong>Majade ehitamine m\u00fc\u00fcgi eesm\u00e4rgil n\u00f5uab suuri kulutusi.<\/strong> Kusjuures on mahukaid investeeringuid vaja pidevalt ja iga uue ehitise jaoks.<\/p>\n<p><strong>Kui soovite suurt ettev\u00f5tet rajada<\/strong>, v\u00f5ib majade ehitamine m\u00fc\u00fcgi eesm\u00e4rgil osutuda teie jaoks suure tulu allikaks ja meie aitame teid selles kindlasti.<\/p>\n<p><strong>Meie spetsialistid on teile alati k\u00e4ttesaadavad<\/strong> ja valmis \u00f5igeaegselt n\u00f5ustama v\u00f5i valede toimingute ja l\u00e4bim\u00f5tlematute otsuste eest kaitsma.<\/p>\n<p><strong>Meie spetsialistid n\u00f5ustavad teid k\u00f5ikides<\/strong> ehitust ja teie poolt ehitatud objekti edasist realiseerimist puudutavates k\u00fcsimustes.<\/p>\n<ul>\n<li><strong>Soovitame teile kindlasti panka<\/strong>, kuhu tasub m\u00f5istliku protsendiga laenu saamiseks p\u00f6\u00f6rduda.<\/li>\n<li><strong>Aitame koosk\u00f5lastada ja valmistame ette<\/strong> k\u00f5ik vajalikud dokumendid ehitusega alustamiseks.<\/li>\n<li><strong>Hakkame m\u00fc\u00fcma ehitusj\u00e4rgus objekti<\/strong>, et ehituse l\u00f5ppedes oleks teil juba olemas nii potentsiaalne klient kui ka raha teie tulusa \u00e4ri edasiseks arendamiseks.<\/li>\n<\/ul>\n<p><strong>Meie poole p\u00f6\u00f6rdudes te ei riski, vaid investeerite targalt kinnisvarasse.<\/strong>[\/vc_column_text][\/vc_column][\/vc_row]<\/p>\n<\/div>","protected":false},"excerpt":{"rendered":"<p>T\u00e4na on unistust isiklikust elukohast v\u00f5i maja ehitamisest edasise m\u00fc\u00fcgi eesm\u00e4rgil kerge ellu viia, eriti kui p\u00f6\u00f6rdute meie ettev\u00f5ttesse, mis pakub sissekolimisvalmis majade ehitamist.<\/p>\n<div class=\"service_button\">Loe edasi<\/div>\n","protected":false},"author":2,"featured_media":11977,"parent":11914,"menu_order":0,"comment_status":"closed","ping_status":"closed","template":"","meta":{"inline_featured_image":false,"footnotes":""},"class_list":["post-11919","page","type-page","status-publish","has-post-thumbnail","hentry","has-featured"],"_links":{"self":[{"href":"https:\/\/kinnisvara.stabimer.ee\/et\/wp-json\/wp\/v2\/pages\/11919","targetHints":{"allow":["GET"]}}],"collection":[{"href":"https:\/\/kinnisvara.stabimer.ee\/et\/wp-json\/wp\/v2\/pages"}],"about":[{"href":"https:\/\/kinnisvara.stabimer.ee\/et\/wp-json\/wp\/v2\/types\/page"}],"author":[{"embeddable":true,"href":"https:\/\/kinnisvara.stabimer.ee\/et\/wp-json\/wp\/v2\/users\/2"}],"replies":[{"embeddable":true,"href":"https:\/\/kinnisvara.stabimer.ee\/et\/wp-json\/wp\/v2\/comments?post=11919"}],"version-history":[{"count":7,"href":"https:\/\/kinnisvara.stabimer.ee\/et\/wp-json\/wp\/v2\/pages\/11919\/revisions"}],"predecessor-version":[{"id":12435,"href":"https:\/\/kinnisvara.stabimer.ee\/et\/wp-json\/wp\/v2\/pages\/11919\/revisions\/12435"}],"up":[{"embeddable":true,"href":"https:\/\/kinnisvara.stabimer.ee\/et\/wp-json\/wp\/v2\/pages\/11914"}],"wp:featuredmedia":[{"embeddable":true,"href":"https:\/\/kinnisvara.stabimer.ee\/et\/wp-json\/wp\/v2\/media\/11977"}],"wp:attachment":[{"href":"https:\/\/kinnisvara.stabimer.ee\/et\/wp-json\/wp\/v2\/media?parent=11919"}],"curies":[{"name":"wp","href":"https:\/\/api.w.org\/{rel}","templated":true}]}}