{"id":11918,"date":"2017-01-31T12:35:44","date_gmt":"2017-01-31T10:35:44","guid":{"rendered":"http:\/\/kinnisvara3.sitedesign.ee\/uslugi\/prodaza-doma-ili-kvartiri\/"},"modified":"2017-03-28T21:32:24","modified_gmt":"2017-03-28T19:32:24","slug":"prodaza-doma-ili-kvartiri","status":"publish","type":"page","link":"https:\/\/kinnisvara.stabimer.ee\/et\/uslugi\/prodaza-doma-ili-kvartiri\/","title":{"rendered":"Maja v\u00f5i korteri m\u00fc\u00fck"},"content":{"rendered":"<div class=\"wpb-content-wrapper\"><p>[vc_row padding_top=&#8221;&#8221; class=&#8221;page_title_row marginlr-15&#8243;][vc_column][vc_column_text custom_style=&#8221;padding-bottom: 300px;&#8221;]<\/p>\n<h1 style=\"text-align: center;\">Maja v\u00f5i korteri m\u00fc\u00fck<\/h1>\n<p><strong>Meie kogemus n\u00e4itab, et elamu ostjad kardavad b\u00fcrokraatiat<\/strong> ja on alati positiivsemalt meelestatud m\u00fc\u00fcjate suhtes, kel on \u00f5igusliku poole pealt k\u00f5ik korras.<\/p>\n<p><strong>\u00d5igeaegselt ja korrektselt ettevalmistatud dokumendid on \u00fcheks eduka m\u00fc\u00fcgi faktoriks!<\/strong> Paljud ostjad on valmis leppima korteri, maja v\u00f5i maat\u00fcki k\u00f5rgema hinnaga tingimusel, et nad ei pea tegelema v\u00f5imalike \u00fcmberregistreerimisega seotud probleemide ja t\u00e4iendavate finantsriskidega.<\/p>\n<p><strong>Meie asjatundlikud spetsialistid<\/strong> n\u00f5ustavad teid, aitavad korrastada vajalikke dokumente ja <strong>lahendavad k\u00f5ik m\u00fc\u00fcgiprotsessiga seotud \u00f5igusalased k\u00fcsimused<\/strong>. Samuti aitab ettev\u00f5te lahendada probleeme p\u00e4rijate ja alaealiste lastega ning pakub kaitset muude tehingu sooritamist raskendavate probleemide eest. Ka korteris v\u00f5i majas tehtud \u00fcmberplaneeringu <strong>aitab Stabimer Kinnisvara O\u00dc seaduslikult vormistada.<\/strong><\/p>\n<p>Lisaks eelmainitule valmistavad meie spetsialistid teie maja v\u00f5i korteri ostjatele n\u00e4itamiseks ette. <strong>Esmamulje on elamu m\u00fc\u00fcmise protsessis v\u00e4ga oluline etapp<\/strong> \u2013 objekti k\u00fclastamise ajal hakkavad potentsiaalsed ostjad reeglina oma elu selles majas v\u00f5i korteris ette kujutama.[\/vc_column_text][\/vc_column][\/vc_row]<\/p>\n<\/div>","protected":false},"excerpt":{"rendered":"<p>Meie kogemus n\u00e4itab, et elamu ostjad kardavad b\u00fcrokraatiat ja on alati positiivsemalt meelestatud m\u00fc\u00fcjate suhtes, kel on \u00f5igusliku poole pealt k\u00f5ik korras.<\/p>\n<div class=\"service_button\">Loe edasi<\/div>\n","protected":false},"author":2,"featured_media":11973,"parent":11914,"menu_order":0,"comment_status":"closed","ping_status":"closed","template":"","meta":{"inline_featured_image":false,"footnotes":""},"class_list":["post-11918","page","type-page","status-publish","has-post-thumbnail","hentry","has-featured"],"_links":{"self":[{"href":"https:\/\/kinnisvara.stabimer.ee\/et\/wp-json\/wp\/v2\/pages\/11918","targetHints":{"allow":["GET"]}}],"collection":[{"href":"https:\/\/kinnisvara.stabimer.ee\/et\/wp-json\/wp\/v2\/pages"}],"about":[{"href":"https:\/\/kinnisvara.stabimer.ee\/et\/wp-json\/wp\/v2\/types\/page"}],"author":[{"embeddable":true,"href":"https:\/\/kinnisvara.stabimer.ee\/et\/wp-json\/wp\/v2\/users\/2"}],"replies":[{"embeddable":true,"href":"https:\/\/kinnisvara.stabimer.ee\/et\/wp-json\/wp\/v2\/comments?post=11918"}],"version-history":[{"count":9,"href":"https:\/\/kinnisvara.stabimer.ee\/et\/wp-json\/wp\/v2\/pages\/11918\/revisions"}],"predecessor-version":[{"id":12433,"href":"https:\/\/kinnisvara.stabimer.ee\/et\/wp-json\/wp\/v2\/pages\/11918\/revisions\/12433"}],"up":[{"embeddable":true,"href":"https:\/\/kinnisvara.stabimer.ee\/et\/wp-json\/wp\/v2\/pages\/11914"}],"wp:featuredmedia":[{"embeddable":true,"href":"https:\/\/kinnisvara.stabimer.ee\/et\/wp-json\/wp\/v2\/media\/11973"}],"wp:attachment":[{"href":"https:\/\/kinnisvara.stabimer.ee\/et\/wp-json\/wp\/v2\/media?parent=11918"}],"curies":[{"name":"wp","href":"https:\/\/api.w.org\/{rel}","templated":true}]}}