{"id":11916,"date":"2017-01-30T18:12:49","date_gmt":"2017-01-30T16:12:49","guid":{"rendered":"http:\/\/kinnisvara3.sitedesign.ee\/uslugi\/kommercheskie-ploshhadi\/"},"modified":"2017-03-28T21:31:37","modified_gmt":"2017-03-28T19:31:37","slug":"kommercheskie-ploshhadi","status":"publish","type":"page","link":"https:\/\/kinnisvara.stabimer.ee\/et\/uslugi\/kommercheskie-ploshhadi\/","title":{"rendered":"\u00c4ripinnad"},"content":{"rendered":"<div class=\"wpb-content-wrapper\"><p>[vc_row padding_top=&#8221;&#8221; class=&#8221;page_title_row marginlr-15&#8243;][vc_column][vc_column_text custom_style=&#8221;padding-bottom: 220px;&#8221;]<\/p>\n<h1 style=\"text-align: center;\">\u00c4ripinnad<\/h1>\n<p><strong>Pakume professionaalset n\u00f5ustamist \u00e4ripindade \u00fc\u00fcrimise, ostmise ja ehitamise k\u00fcsimustes ning nende individuaalses valimises, l\u00e4htudes kliendi vajadustest ja soovidest.<\/strong><\/p>\n<p><strong>Meie suur kogemuste pagas, professionaalsus<\/strong> ja konkreetse linna (selle linnaosade, t\u00e4navate, majade), piirkonna ja riigi erip\u00e4rade tundmine v\u00f5imaldab klientidele t\u00e4ielikku ja usaldusv\u00e4\u00e4rset informatsiooni pakkuda. Samuti oskame soovitada, <strong>kuhu on meie arvates mugavam ja soodsam<\/strong> kontori, lao, poe, ilusalongi, remondit\u00f6\u00f6koja, t\u00f6\u00f6stushoone jne tarbeks pind <strong>ehitada, kus tasub seda osta v\u00f5i \u00fc\u00fcrida.<\/strong><\/p>\n<p><strong>Oleme kindlad, et iga ettev\u00f5tte arengu ja kasumlikkuse seisukohalt on \u00e4\u00e4rmiselt oluline selle asukoht.<\/strong> Kuna igal ettev\u00f5ttel v\u00f5i teenusel on oma erip\u00e4rad, ei pruugi nende asukohaks mingi piirkond (linn v\u00f5i linnaosa, maakoht jne) sobida. K\u00f5ik on v\u00e4ga individuaalne.<\/p>\n<p><strong>Stabimer Kinnisvara O\u00dc spetsialistide vastutustundlikult antud soovitused tagavad selle<\/strong>, et te ei pea oma kontorit v\u00f5i aadressi potentsiaalsete klientide ja tellimuste puudumise, raskestileitava asukoha, ebamugava logistika jmt t\u00f5ttu muutma.<\/p>\n<p><strong>P\u00f6\u00f6rduge julgelt meie poole ja vabanege \u00e4ripinna vahetamisega kaasnevatest asjatutest ja v\u00e4ga kulukatest toimingutest.<\/strong> Mugav kontor, \u00f5iges kohas asuv pood, asjatundliku logistikaga suur ladu \u2013 k\u00f5ik see on iga ettev\u00f5tte, sh teie ettev\u00f5tte, edu aluseks![\/vc_column_text][\/vc_column][\/vc_row]<\/p>\n<\/div>","protected":false},"excerpt":{"rendered":"<p>Pakume professionaalset n\u00f5ustamist \u00e4ripindade \u00fc\u00fcrimise, ostmise ja ehitamise k\u00fcsimustes ning nende individuaalses valimises, l\u00e4htudes kliendi vajadustest ja soovidest.<\/p>\n<div class=\"service_button\">Loe edasi<\/div>\n","protected":false},"author":2,"featured_media":11965,"parent":11914,"menu_order":0,"comment_status":"closed","ping_status":"closed","template":"","meta":{"inline_featured_image":false,"footnotes":""},"class_list":["post-11916","page","type-page","status-publish","has-post-thumbnail","hentry","has-featured"],"_links":{"self":[{"href":"https:\/\/kinnisvara.stabimer.ee\/et\/wp-json\/wp\/v2\/pages\/11916","targetHints":{"allow":["GET"]}}],"collection":[{"href":"https:\/\/kinnisvara.stabimer.ee\/et\/wp-json\/wp\/v2\/pages"}],"about":[{"href":"https:\/\/kinnisvara.stabimer.ee\/et\/wp-json\/wp\/v2\/types\/page"}],"author":[{"embeddable":true,"href":"https:\/\/kinnisvara.stabimer.ee\/et\/wp-json\/wp\/v2\/users\/2"}],"replies":[{"embeddable":true,"href":"https:\/\/kinnisvara.stabimer.ee\/et\/wp-json\/wp\/v2\/comments?post=11916"}],"version-history":[{"count":10,"href":"https:\/\/kinnisvara.stabimer.ee\/et\/wp-json\/wp\/v2\/pages\/11916\/revisions"}],"predecessor-version":[{"id":12431,"href":"https:\/\/kinnisvara.stabimer.ee\/et\/wp-json\/wp\/v2\/pages\/11916\/revisions\/12431"}],"up":[{"embeddable":true,"href":"https:\/\/kinnisvara.stabimer.ee\/et\/wp-json\/wp\/v2\/pages\/11914"}],"wp:featuredmedia":[{"embeddable":true,"href":"https:\/\/kinnisvara.stabimer.ee\/et\/wp-json\/wp\/v2\/media\/11965"}],"wp:attachment":[{"href":"https:\/\/kinnisvara.stabimer.ee\/et\/wp-json\/wp\/v2\/media?parent=11916"}],"curies":[{"name":"wp","href":"https:\/\/api.w.org\/{rel}","templated":true}]}}