{"id":11915,"date":"2017-01-31T12:55:02","date_gmt":"2017-01-31T10:55:02","guid":{"rendered":"http:\/\/kinnisvara3.sitedesign.ee\/uslugi\/arenda\/"},"modified":"2017-03-28T21:29:29","modified_gmt":"2017-03-28T19:29:29","slug":"arenda","status":"publish","type":"page","link":"https:\/\/kinnisvara.stabimer.ee\/et\/uslugi\/arenda\/","title":{"rendered":"\u00dc\u00fcr"},"content":{"rendered":"<div class=\"wpb-content-wrapper\"><p>[vc_row padding_top=&#8221;&#8221; class=&#8221;page_title_row marginlr-15&#8243;][vc_column][vc_column_text custom_style=&#8221;padding-bottom: 50px;&#8221;]<\/p>\n<h1 style=\"text-align: center;\">\u00dc\u00fcr<\/h1>\n<p><strong>Professionaalne n\u00f5ustamine korterite, tubade, majade, garaa\u017eide ja parkimiskohtade \u00fc\u00fcrimise k\u00fcsimustes ja nende individuaalne valimine, l\u00e4htudes kliendi vajadustest ja soovidest.<\/strong><\/p>\n<p>Meie spetsialistid aitavad operatiivselt ja m\u00f5istliku raha eest \u00fc\u00fcrida v\u00f5i \u00fc\u00fcrile anda korteri, toa, maja, garaa\u017ei, parkimiskoha. Aitame kliendil leida parima variandi, arvestades k\u00f5iki tema n\u00f5udmisi ja soove.<\/p>\n<p><strong><u>\u00dc\u00fcrileandjale kasulik teave<\/u><\/strong><\/p>\n<p>Aitame teil oma objekti \u00fc\u00fcrileandmiseks ette valmistada. Vastavalt eelnevale kokkuleppele teeme objektil suurpuhastuse v\u00f5i minimaalse kosmeetilise remondi <strong>l\u00fchikese ajaga meie usaldusv\u00e4\u00e4rsete partnerite abil.<\/strong> Kraanid ja \u00e4ravoolud ei tohi lekkida, ukselukk ja gaasiseadmed peavad h\u00e4ireteta t\u00f6\u00f6tama jne \u2013 <strong>k\u00f5ik tuleb korda teha, et tulevikus ei tekiks probleeme teil ega teie \u00fc\u00fcrnikel ja naabritel. Loomulikult leidub ka k\u00f5ige nutusemas seisundis korterile, toale v\u00f5i majale varem v\u00f5i hiljem \u00fc\u00fcrnik, kuid kui usaldusv\u00e4\u00e4rne ja korralik tundub teile inimene, kes n\u00f5ustub ebarahuldavates tingimustes elama. Just korralikkus ja maksev\u00f5imelisus on \u00fc\u00fcrniku peamised plussid.<\/strong><\/p>\n<ul>\n<li><strong>Operatiivne v\u00e4ljas\u00f5it objektile<\/strong> selle \u00fclevaatamiseks ja hindamiseks, professionaalne n\u00f5ustamine.<\/li>\n<li>Professionaalse fotograafi tehtud <strong>kvaliteetsed pildid objektist.<\/strong><\/li>\n<li>Kinnisvara ja sinna \u00fc\u00fcrimise ajaks j\u00e4\u00e4va v\u00e4\u00e4rtusliku <strong>vara asjatundlik kindlustamine.<\/strong><\/li>\n<\/ul>\n<p><strong>Meie spetsialistid on alati valmis teie objekti<\/strong> potentsiaalsetele klientidele ise n\u00e4itama (teieta), s\u00e4\u00e4stes teie aega ja raha\u00a0 (sh k\u00fctusekulud isikliku transpordivahendi kasutamise korral).<\/p>\n<p><strong>Leiame teile parimad \u00fc\u00fcrnikud <\/strong>teie tingimustel ja parima hinnaga<strong>.<\/strong><\/p>\n<p><strong>Garanteerime veatu ja \u00f5iguslikult korrektse \u00fc\u00fcrilepingu<\/strong> (\u00fcleandmise-vastuv\u00f5tmise akti) <strong>s\u00f5lmimise<\/strong>, kuhu on lisatud ka teie isiklikud soovid (n\u00e4iteks keeld lemmikloomade, teie loata remondi tegemise, lepingus mittem\u00e4rgitud isikute elamusse kolimise, teie objekti kolmandatele isikutele \u00fc\u00fcrimise jne suhtes).<\/p>\n<p><strong><u>Meiega t\u00f6\u00f6tamise p\u00f5hieelis<\/u><\/strong> seisneb meie valmiduses hoolitseda alati oma klientide eest ka p\u00e4rast tehingu s\u00f5lmimist. Just seet\u00f5ttu pakume j\u00e4relteenindust.<\/p>\n<p><strong>\u00dcksk\u00f5ik kui palju aega on m\u00f6\u00f6dunud, kuu, aasta v\u00f5i kolm aastat, v\u00f5ite meile alati helistada ja k\u00f5ik antud teemat puudutavad k\u00fcsimused esitada ning saada vajaliku vastuse v\u00f5i konsultatsiooni v\u00f5i kutsuda meid \u00a0mingi keerulise olukorra tekkimisel \u00fc\u00fcrnikuga kohtuma.<\/strong><\/p>\n<p>P\u00fc\u00fcame oma klientidele alati k\u00e4ttesaadavad olla. <strong>Kui teie \u00fc\u00fcrnikud rikuvad s\u00f5lmitud \u00fc\u00fcrilepingut<\/strong> (viivitavad maksetega, ei vabasta objekti \u00fc\u00fcrilepingu l\u00f5ppedes jne), v\u00f5tke palun <strong>julgesti meiega \u00fchendust. P\u00fc\u00fcame lahendada k\u00f5ik teie probleemid operatiivselt teie huvides. Vajadusel esindame teie huve \u00fc\u00fcrikomisjonis v\u00f5i kohtus.<\/strong><\/p>\n<p><strong><u>\u00dc\u00fcrnikule kasulik teave<\/u><\/strong><\/p>\n<p><strong>Garanteerime objekti eelneva kontrolli selle omandi\u00f5iguse ja ohutuse osas. Peate olema kindel j\u00e4rgmises:<\/strong><\/p>\n<ul>\n<li>\u00dc\u00fcrileantav objekt kuulub \u00fc\u00fcrileandjale v\u00f5i on \u00fc\u00fcrileandjal volituse jne alusel \u00f5igus antud objekt \u00fc\u00fcrile anda, selle objekti suhtes puudub \u00fc\u00fcrileandmise keeld.<\/li>\n<li>K\u00f5ik kommunikatsioonid on \u00fcleandmise hetkel t\u00e4iesti korras, gaas ega vesi ei leki, tuleohutusandurid ja vastavad signalisatsioonid on korras jne.<\/li>\n<li>K\u00f5ik objektil olevad majapidamisseadmed on \u00fc\u00fcrilepingu s\u00f5lmimise hetkel kasutamiseks ohutud.<\/li>\n<li>Parkimiskoht kuulub \u00fc\u00fcrileandjale ja on tasuta v\u00f5i konkreetse hinnaga (kuulub kolmandatele isikutele).<\/li>\n<\/ul>\n<p>Korteri\u00fchistu puhul p\u00fc\u00fcame v\u00e4lja uurida, millised remondit\u00f6\u00f6d on plaanis l\u00e4hiajal teha ja hoiatame klienti eelolevate ebamugavuste osas.<\/p>\n<p><strong>Garanteerime veatu ja \u00f5iguslikult korrektse \u00fc\u00fcrilepingu (\u00fcleandmise-vastuv\u00f5tmise akti) s\u00f5lmimise<\/strong>, kuhu on lisatud ka teie isiklikud soovid (n\u00e4iteks \u00fc\u00fcri tasumise konkreetne kuup\u00e4ev, teie puudumise ajal teie poolt \u00fc\u00fcritavale objektile sisenemise keeld, \u00fc\u00fcrileandja kontrollib \u00fc\u00fcrile antavat objekti ainult kokkulepitud ajal ja p\u00e4eval jne).<\/p>\n<p><strong>Soovitame tungivalt \u00fc\u00fcrnikul \u00fc\u00fcrilepingut ohutus kohas hoida. See aitab teil etten\u00e4gematutes olukordades oma \u00f5igusi kaitsta ja v\u00f5imalikke \u00fc\u00fcrileandja poolseid \u00f5igusvastaseid toiminguid \u00e4ra hoida.<\/strong><\/p>\n<p><strong>Juhime \u00fc\u00fcrniku t\u00e4helepanu sellele, et \u00fc\u00fcri sularahas tasumise korral tuleb \u00fc\u00fcrileandjalt kindlasti k\u00fcsida kviitung<\/strong>, mis kinnitab raha \u00f5igeaegse saamise vastavalt s\u00f5lmitud lepingule (s\u00f5ltumata \u00fc\u00fcrileandjaga kujunenud suhetest). <strong>Raha saaja allkiri \u00fc\u00fcrilepingu lisas on sama kohustuslik kui lepinguj\u00e4rgne tasu.<\/strong><\/p>\n<p><strong><u>Meiega t\u00f6\u00f6tamise p\u00f5hieelis<\/u><\/strong> seisneb meie valmiduses hoolitseda alati oma klientide eest ka p\u00e4rast tehingu s\u00f5lmimist. Just seet\u00f5ttu pakume j\u00e4relteenindust.<\/p>\n<p><strong>\u00dcksk\u00f5ik kui palju aega on m\u00f6\u00f6dunud, kuu, aasta v\u00f5i kolm aastat, v\u00f5ite meile alati helistada ja k\u00f5ik antud teemat puudutavad k\u00fcsimused esitada ning saada vajaliku vastuse v\u00f5i konsultatsiooni v\u00f5i kutsuda meid \u00a0mingi keerulise olukorra tekkimisel \u00fc\u00fcrileandjaga kohtuma.<\/strong><\/p>\n<p>P\u00fc\u00fcame oma klientidele alati k\u00e4ttesaadavad olla. <strong>Kui teie \u00fc\u00fcrileandja rikub s\u00f5lmitud \u00fc\u00fcrilepingut<\/strong> (ei soovi allkirjastada dokumenti, mis kinnitab sularaha saamist vastavalt s\u00f5lmitud lepingule, esitab alusetuid pretensioone ja soovib sel moel l\u00f5petada \u00fc\u00fcrilepingut ennet\u00e4htaegselt jne), v\u00f5tke palun <strong>julgesti meiega \u00fchendust. P\u00fc\u00fcame lahendada k\u00f5ik teie probleemid operatiivselt teie huvides. Vajadusel esindame teie huve \u00fc\u00fcrikomisjonis v\u00f5i kohtus.<\/strong>[\/vc_column_text][\/vc_column][\/vc_row]<\/p>\n<\/div>","protected":false},"excerpt":{"rendered":"<p>Professionaalne n\u00f5ustamine korterite, tubade, majade, garaa\u017eide ja parkimiskohtade \u00fc\u00fcrimise k\u00fcsimustes ja nende individuaalne valimine, l\u00e4htudes kliendi vajadustest ja soovidest.<\/p>\n<div class=\"service_button\">Loe edasi<\/div>\n","protected":false},"author":2,"featured_media":11961,"parent":11914,"menu_order":0,"comment_status":"closed","ping_status":"closed","template":"","meta":{"inline_featured_image":false,"footnotes":""},"class_list":["post-11915","page","type-page","status-publish","has-post-thumbnail","hentry","has-featured"],"_links":{"self":[{"href":"https:\/\/kinnisvara.stabimer.ee\/et\/wp-json\/wp\/v2\/pages\/11915","targetHints":{"allow":["GET"]}}],"collection":[{"href":"https:\/\/kinnisvara.stabimer.ee\/et\/wp-json\/wp\/v2\/pages"}],"about":[{"href":"https:\/\/kinnisvara.stabimer.ee\/et\/wp-json\/wp\/v2\/types\/page"}],"author":[{"embeddable":true,"href":"https:\/\/kinnisvara.stabimer.ee\/et\/wp-json\/wp\/v2\/users\/2"}],"replies":[{"embeddable":true,"href":"https:\/\/kinnisvara.stabimer.ee\/et\/wp-json\/wp\/v2\/comments?post=11915"}],"version-history":[{"count":8,"href":"https:\/\/kinnisvara.stabimer.ee\/et\/wp-json\/wp\/v2\/pages\/11915\/revisions"}],"predecessor-version":[{"id":12430,"href":"https:\/\/kinnisvara.stabimer.ee\/et\/wp-json\/wp\/v2\/pages\/11915\/revisions\/12430"}],"up":[{"embeddable":true,"href":"https:\/\/kinnisvara.stabimer.ee\/et\/wp-json\/wp\/v2\/pages\/11914"}],"wp:featuredmedia":[{"embeddable":true,"href":"https:\/\/kinnisvara.stabimer.ee\/et\/wp-json\/wp\/v2\/media\/11961"}],"wp:attachment":[{"href":"https:\/\/kinnisvara.stabimer.ee\/et\/wp-json\/wp\/v2\/media?parent=11915"}],"curies":[{"name":"wp","href":"https:\/\/api.w.org\/{rel}","templated":true}]}}