{"id":11912,"date":"2017-02-26T18:50:45","date_gmt":"2017-02-26T15:50:45","guid":{"rendered":"http:\/\/kinnisvara3.sitedesign.ee\/%d0%bf%d1%80%d0%b0%d0%b9%d1%81%d0%bb%d0%b8%d1%81%d1%82\/"},"modified":"2017-03-21T17:51:43","modified_gmt":"2017-03-21T15:51:43","slug":"pricelist","status":"publish","type":"page","link":"https:\/\/kinnisvara.stabimer.ee\/et\/pricelist\/","title":{"rendered":"Hinnakiri"},"content":{"rendered":"<div class=\"wpb-content-wrapper\"><p>[vc_row padding_top=&#8221;&#8221; class=&#8221;marginlr-15&#8243;][vc_column][vc_column_text custom_style=&#8221;padding-bottom: 50px;&#8221;]<\/p>\n<h1 style=\"text-align: center;\">Hinnakiri<\/h1>\n<div class=\"noo-text-block\">\n<p><strong>Kinnisvaraspetsialisti tasu<\/strong> ei peaks v\u00f5tma lisakulutusena, kuna tihti on <strong>professionaali abiga s\u00e4\u00e4stetud summa sellest tunduvalt suurem<\/strong>.<\/p>\n<p><strong>Meie kinnisvaraspetsialist teab t\u00e4pselt, kuidas objekti m\u00fc\u00fces selle v\u00e4\u00e4rtust potentsiaalse ostja silmis t\u00f5sta ja ostes selle hinda asjatundlike argumentide abil hoopis maksimaalselt alandada<\/strong>. Ei tasu m\u00e4rkimata j\u00e4tta ka olulist kokkuhoidu t\u00e4nu tehingu asjatundlikule korraldamisele selle k\u00f5ikidel\u00a0 etappidel (sh aja ja raha kokkuhoid etten\u00e4gematute kulude arvelt, millest meie spetsialist teid oma p\u00e4deva ja professionaalse t\u00f6\u00f6 abil vabastas).<\/p>\n<p>Stabimer Kinnisvara O\u00dc pakutav kinnisvaratehingute kureerimine t\u00e4hendab professionaalseid teenuseid, vastutustundlikku l\u00e4henemist ja <strong>m\u00f5lema poole vahetul osalusel kujunenud kasulikke kokkuleppehindu.<\/strong><\/p>\n<p>Reeglina\u00a0 moodustab spetsialisti tasu protsendi tehingu v\u00e4\u00e4rtusest v\u00f5i lepinguj\u00e4rgse fikseeritud summa.<\/p>\n<p><strong>Meie arvestame tasu ainult eduka tehingu korral ja ei v\u00f5ta mingit ettemaksu! <\/strong>Teie maksate ainult saadud tulemuse ja k\u00f5ikide osutatud teenuste eest vastavalt Stabimer Kinnisvara O\u00dc ja teie vahel s\u00f5lmitud lepingule.<\/p>\n<p><strong>Oma klientide ja partneritega vormistame k\u00f5ik vastastikused kohustused alati kirjalikult, kuna see on kasulik m\u00f5lemale poolele.<\/strong> Meie klient v\u00f5i partner tellib meilt kinnisvara m\u00fc\u00fcmise, ostmise v\u00f5i \u00fc\u00fcrimise teenuse selle teadmisega, et objekti ostu-m\u00fc\u00fcgitehingus (\u00fc\u00fcritehingus) on alati kaks poolt: m\u00fc\u00fcja ja ostja v\u00f5i \u00fc\u00fcrileandja ja \u00fc\u00fcrnik. Ta arvestab alati sellega, et teise poole huve v\u00f5ib esindada professionaalne ja asjatundlik kinnisvaraspetsialist (jurist).<\/p>\n<p>&nbsp;<\/p>\n<p><strong>Lugupeetud Stabimer Kinnisvara O\u00dc klient ja tulevane partner!<\/strong><\/p>\n<p><strong>Lubage meil teile head ja tasuta professionaalset n\u00f5u anda: enne otsustamist tehing iseseisvalt l\u00e4bi viia, m\u00f5elge h\u00e4sti, kas tasub riskida?<\/strong> Kaaluge kindlasti k\u00f5iki riske, mis on seotud \u00fc\u00fcri- v\u00f5i ostulepingu s\u00f5lmimise, nendes m\u00e4rgitud trahvide, lepingu l\u00f5petamise tingimuste, viiviste ja k\u00f5ige muuga, mis teile esmapilgul t\u00e4iesti arusaadav tundub. Tulevikus v\u00f5ib k\u00f5ik vastupidiseks osutuda. <strong>Kahjuks ei piisa siin vaid eesti, inglise v\u00f5i vene keele suurep\u00e4rasest valdamisest, kuna kinnisvara puhul tuleb omada ka teatud kogemust ja oskust t\u00f5lgendada \u00f5iguslikult korrektselt lepingu punkte ja seaduste s\u00e4tteid ka siis, kui leping s\u00f5lmitakse notarib\u00fcroos.<\/strong> Loomulikult selgitab notar alati k\u00f5ik \u00f5iguse vaatepunktist t\u00e4pselt ja vajadusel kordab seda teile ka arusaadavas keeles. Samuti v\u00f5ite n\u00f5uda kirjalikku t\u00f5lget (eraldi tasu eest). See aga ei t\u00e4henda, et orienteerute allkirjastatavas dokumendis kiiresti ja saate selle m\u00f5ttest t\u00e4ielikult aru. Eriti raske on toimuvat m\u00f5ista, kui tehingu teine pool h\u00e4irib t\u00e4helepanu t\u00fchiste ja asjassepuutumatute juttudega. <strong>P\u00e4rast dokumentide allkirjastamist v\u00f5ib teile ebasoodsa ostu-m\u00fc\u00fcgi- v\u00f5i \u00fc\u00fcritehingu vaidlustamine v\u00e4ga keeruliseks v\u00f5i lausa v\u00f5imatuks osutuda.<\/strong> Kui te siiski otsustate selle vaidlustada, tuleb teha suuri kulutusi \u00f5igusabile, mis ei taga teile ikkagi positiivset lahendust.<\/p>\n<p><strong>Peavalu ja ootamatute kulutuste v\u00e4ltimiseks p\u00f6\u00f6rduge meie kinnisvaraspetsialisti poole ja s\u00f5lmige ametlik teenuse osutamise leping.\u00a0 <\/strong>Ainult nii saate osaleda tehingus v\u00f5rdsetel tingimustel toimuvat t\u00e4ielikult m\u00f5istes ja teile meeldima hakanud objekti m\u00f5ju all olles reaalsustaju kaotamata.<\/p>\n<p><strong>T\u00e4name t\u00e4helepanu eest! <\/strong>Loodame, et n\u00fc\u00fcd te m\u00f5istate, miks on <strong>tasu meie kohusetundlikult tehtud t\u00f6\u00f6 eest \u00f5iglane ja m\u00f5istlik<\/strong>.<\/p>\n<\/div>\n<p>[\/vc_column_text][\/vc_column][\/vc_row]<\/p>\n<\/div>","protected":false},"excerpt":{"rendered":"<p>[vc_row padding_top=&#8221;&#8221; class=&#8221;marginlr-15&#8243;][vc_column][vc_column_text custom_style=&#8221;padding-bottom: 50px;&#8221;] Hinnakiri Kinnisvaraspetsialisti tasu ei peaks v\u00f5tma lisakulutusena, kuna tihti on professionaali abiga s\u00e4\u00e4stetud summa sellest tunduvalt suurem. Meie kinnisvaraspetsialist teab t\u00e4pselt, kuidas objekti m\u00fc\u00fces selle v\u00e4\u00e4rtust potentsiaalse ostja silmis t\u00f5sta ja ostes selle hinda asjatundlike argumentide abil hoopis maksimaalselt alandada. Ei tasu m\u00e4rkimata j\u00e4tta ka olulist kokkuhoidu t\u00e4nu tehingu asjatundlikule korraldamisele selle k\u00f5ikidel\u00a0 etappidel (sh aja ja raha kokkuhoid etten\u00e4gematute kulude arvelt, millest meie spetsialist teid oma p\u00e4deva ja professionaalse t\u00f6\u00f6 abil vabastas). Stabimer Kinnisvara O\u00dc pakutav kinnisvaratehingute kureerimine t\u00e4hendab professionaalseid teenuseid, vastutustundlikku l\u00e4henemist ja m\u00f5lema poole vahetul osalusel kujunenud kasulikke kokkuleppehindu. Reeglina\u00a0 moodustab spetsialisti tasu protsendi tehingu v\u00e4\u00e4rtusest v\u00f5i lepinguj\u00e4rgse fikseeritud summa. Meie arvestame tasu ainult eduka tehingu korral ja ei v\u00f5ta mingit ettemaksu! Teie maksate ainult saadud tulemuse ja k\u00f5ikide osutatud teenuste eest vastavalt Stabimer Kinnisvara O\u00dc ja teie vahel s\u00f5lmitud lepingule. Oma klientide ja partneritega vormistame k\u00f5ik vastastikused kohustused alati kirjalikult, kuna see on kasulik m\u00f5lemale poolele. Meie klient v\u00f5i partner tellib meilt kinnisvara m\u00fc\u00fcmise, ostmise v\u00f5i \u00fc\u00fcrimise teenuse selle teadmisega, et objekti ostu-m\u00fc\u00fcgitehingus (\u00fc\u00fcritehingus) on alati kaks poolt: m\u00fc\u00fcja ja ostja v\u00f5i \u00fc\u00fcrileandja ja \u00fc\u00fcrnik. Ta arvestab alati sellega, et teise poole huve v\u00f5ib esindada professionaalne ja asjatundlik kinnisvaraspetsialist (jurist). <\/p>\n","protected":false},"author":1,"featured_media":0,"parent":0,"menu_order":0,"comment_status":"closed","ping_status":"closed","template":"","meta":{"inline_featured_image":false,"footnotes":""},"class_list":["post-11912","page","type-page","status-publish","hentry","no-featured"],"_links":{"self":[{"href":"https:\/\/kinnisvara.stabimer.ee\/et\/wp-json\/wp\/v2\/pages\/11912","targetHints":{"allow":["GET"]}}],"collection":[{"href":"https:\/\/kinnisvara.stabimer.ee\/et\/wp-json\/wp\/v2\/pages"}],"about":[{"href":"https:\/\/kinnisvara.stabimer.ee\/et\/wp-json\/wp\/v2\/types\/page"}],"author":[{"embeddable":true,"href":"https:\/\/kinnisvara.stabimer.ee\/et\/wp-json\/wp\/v2\/users\/1"}],"replies":[{"embeddable":true,"href":"https:\/\/kinnisvara.stabimer.ee\/et\/wp-json\/wp\/v2\/comments?post=11912"}],"version-history":[{"count":5,"href":"https:\/\/kinnisvara.stabimer.ee\/et\/wp-json\/wp\/v2\/pages\/11912\/revisions"}],"predecessor-version":[{"id":12252,"href":"https:\/\/kinnisvara.stabimer.ee\/et\/wp-json\/wp\/v2\/pages\/11912\/revisions\/12252"}],"wp:attachment":[{"href":"https:\/\/kinnisvara.stabimer.ee\/et\/wp-json\/wp\/v2\/media?parent=11912"}],"curies":[{"name":"wp","href":"https:\/\/api.w.org\/{rel}","templated":true}]}}