{"id":11910,"date":"2017-02-01T14:56:07","date_gmt":"2017-02-01T12:56:07","guid":{"rendered":"http:\/\/kinnisvara3.sitedesign.ee\/o-firme\/"},"modified":"2017-03-21T17:36:51","modified_gmt":"2017-03-21T15:36:51","slug":"o-firme","status":"publish","type":"page","link":"https:\/\/kinnisvara.stabimer.ee\/et\/o-firme\/","title":{"rendered":"Firmast"},"content":{"rendered":"<div class=\"wpb-content-wrapper\"><p>[vc_row el_class=&#8221;osno ggww&#8221; css=&#8221;.vc_custom_1479735669438{border-bottom-width: 30px !important;padding-top: 30px !important;}&#8221; class=&#8221;marginlr-15&#8243;][vc_column][vc_column_text custom_style=&#8221;padding-bottom: 50px;&#8221;]<\/p>\n<h1 style=\"text-align: center;\">Firmast<\/h1>\n<p>Stabimer Kinnisvara O\u00dc pakub klientidele ja partneritele professionaalset kinnisvaratehingute kureerimise teenust.<\/p>\n<p>Kui soovite midagi ehitada, maad osta, maja v\u00f5i korterit m\u00fc\u00fca, osta, vahetada v\u00f5i \u00fc\u00fcrile anda ja teha seda m\u00f5istliku aja jooksul, venituste ja probleemideta, tasub teil p\u00f6\u00f6rduda just meie poole. <strong>Pakume j\u00e4rgmiseid teenuseid: kinnisvara ja m\u00fc\u00fcja omandi\u00f5iguse hindamine, k\u00f5ikide antud tehingust huvitatud pooltega l\u00e4bir\u00e4\u00e4kimiste pidamine, k\u00f5ikide <\/strong>objekti m\u00fc\u00fcmiseks, ostmiseks v\u00f5i \u00fc\u00fcrimiseks<strong> vajalike dokumentide ettevalmistamine<\/strong>, \u00f5iguslikult korrektse lepingu ettevalmistamine, omandi\u00f5iguse registreerimise aitamine jne. <strong>V\u00f5ite tellida objekti ostu-m\u00fc\u00fcgi- v\u00f5i \u00fc\u00fcritehingu kureerimise nii kompleksteenusena kui valida vaid teile vajalikud \u00fcksikud teenused.<\/strong><\/p>\n<p><strong>Meie kinnisvara valdkonnas spetsialiseeruvad kogenud juristid anal\u00fc\u00fcsivad p\u00f5hjalikult iga lepingut ja k\u00f5rvaldavad k\u00f5ik mittevastavused ja kliendi finantsilise ohutuse seisukohalt riskantsed punktid<\/strong>. Meie kinnisvaratehingute kureerimise hinnad \u00fcllatavad teid meeldivalt \u2013 <strong>maksate ainult t\u00f6\u00f6 tulemuse eest<\/strong>.<\/p>\n<p><strong>Stabimer Kinnisvara O\u00dc pakutav kinnisvaratehingute kureerimise teenus t\u00e4hendab professionaalsust, vastutustundlikku l\u00e4henemist ja soodsaid hindu. Tellimus on vaid telefonik\u00f5ne kaugusel.<\/strong><\/p>\n<p><strong>T\u00e4na on ettev\u00f5tte p\u00f5hitegevuseks<\/strong> kinnisvaraalaste projektide juhtimine ja investeeringute haldamine ning samuti k\u00f5iksuguste kinnisvaratehingute (projekteerimine, ehitus, m\u00fc\u00fck, ost, \u00fc\u00fcr, hindamine jne) vahendamine, l\u00e4htudes olukorrast kohalikul turul ja n\u00f5udlikemate klientide vajadustest.<\/p>\n<p><strong>Stabimer Kinnisvara O\u00dc peamiseks eesm\u00e4rgiks on klientidega pikaajaliste partnerlussuhete loomine, arvestades nende k\u00f5iki huve ja tagades erinevate kinnisvaraalaste teenuste osutamise mugavuse ja kiiruse.<\/strong><\/p>\n<p>Tehingute arv pole meie jaoks kunagi prioriteediks olnud \u2013 <strong>esikohal on alati t\u00f6\u00f6 kvaliteet<\/strong>.<\/p>\n<p><strong>Ettev\u00f5tte prioriteediks on tagada klientidele ja partneritele hinna ja kvaliteedi parim<\/strong> <strong>suhe<\/strong> ning pakkuda sobivat kinnisvaraalast lahendust k\u00f5ikidele meie poole p\u00f6\u00f6rdujatele nende sissetulekust s\u00f5ltumata.<\/p>\n<p><strong>Klientide \u00fclesannetega tegelemisel v\u00f5tame alati enda kanda m\u00f5istliku vastutuse nende asjatundliku lahendamise eest.<\/strong> Korterit, maat\u00fckki, maja vm valides vaatleme objekti peamiselt kodukoldena, mis peab olema hubane ja mugav just sellele konkreetsele perekonnale, kes antud kinnisvara ostab v\u00f5i \u00fc\u00fcrib.<\/p>\n<p><strong>\u00c4rikinnisvaraga t\u00f6\u00f6tades hoolitseme alati oma kliendi investeeringute efektiivsuse eest.<\/strong> Vastutuse m\u00f5istlik jagamine oma kliendiga garanteerib parima tulemuse. Meie hoolde usaldavad oma aja ja raha erinevad Eesti elanikud, kelle kapitali me oma soovituste ja toimingutega suurendada aitame.<\/p>\n<p><strong>Stabimer Kinnisvara O\u00dc t\u00f6\u00f6tajad annavad alati oma maksimaalse panuse<\/strong> teie kinnisvara m\u00fc\u00fcmisesse, ostmisesse v\u00f5i \u00fc\u00fcrileandmisesse parima hinnaga.<\/p>\n<p><strong>Iga klient on meie jaoks rohkem kui lihtsalt klient \u2013 <\/strong>me t\u00f5epoolest p\u00fc\u00fcame v\u00f5imalusel teie elu paremaks ja mugavamaks muuta.[\/vc_column_text][\/vc_column][\/vc_row]<\/p>\n<\/div>","protected":false},"excerpt":{"rendered":"<p>[vc_row el_class=&#8221;osno ggww&#8221; css=&#8221;.vc_custom_1479735669438{border-bottom-width: 30px !important;padding-top: 30px !important;}&#8221; class=&#8221;marginlr-15&#8243;][vc_column][vc_column_text custom_style=&#8221;padding-bottom: 50px;&#8221;] Firmast Stabimer Kinnisvara O\u00dc pakub klientidele ja partneritele professionaalset kinnisvaratehingute kureerimise teenust. Kui soovite midagi ehitada, maad osta, maja v\u00f5i korterit m\u00fc\u00fca, osta, vahetada v\u00f5i \u00fc\u00fcrile anda ja teha seda m\u00f5istliku aja jooksul, venituste ja probleemideta, tasub teil p\u00f6\u00f6rduda just meie poole. Pakume j\u00e4rgmiseid teenuseid: kinnisvara ja m\u00fc\u00fcja omandi\u00f5iguse hindamine, k\u00f5ikide antud tehingust huvitatud pooltega l\u00e4bir\u00e4\u00e4kimiste pidamine, k\u00f5ikide objekti m\u00fc\u00fcmiseks, ostmiseks v\u00f5i \u00fc\u00fcrimiseks vajalike dokumentide ettevalmistamine, \u00f5iguslikult korrektse lepingu ettevalmistamine, omandi\u00f5iguse registreerimise aitamine jne. V\u00f5ite tellida objekti ostu-m\u00fc\u00fcgi- v\u00f5i \u00fc\u00fcritehingu kureerimise nii kompleksteenusena kui valida vaid teile vajalikud \u00fcksikud teenused. Meie kinnisvara valdkonnas spetsialiseeruvad kogenud juristid anal\u00fc\u00fcsivad p\u00f5hjalikult iga lepingut ja k\u00f5rvaldavad k\u00f5ik mittevastavused ja kliendi finantsilise ohutuse seisukohalt riskantsed punktid. Meie kinnisvaratehingute kureerimise hinnad \u00fcllatavad teid meeldivalt \u2013 maksate ainult t\u00f6\u00f6 tulemuse eest. Stabimer Kinnisvara O\u00dc pakutav kinnisvaratehingute kureerimise teenus t\u00e4hendab professionaalsust, vastutustundlikku l\u00e4henemist ja soodsaid hindu. Tellimus on vaid telefonik\u00f5ne kaugusel. T\u00e4na on ettev\u00f5tte p\u00f5hitegevuseks kinnisvaraalaste projektide juhtimine ja investeeringute haldamine ning samuti k\u00f5iksuguste kinnisvaratehingute (projekteerimine, ehitus, m\u00fc\u00fck, ost, \u00fc\u00fcr, hindamine jne) vahendamine, l\u00e4htudes olukorrast kohalikul turul ja n\u00f5udlikemate klientide vajadustest. Stabimer Kinnisvara O\u00dc peamiseks eesm\u00e4rgiks on klientidega pikaajaliste partnerlussuhete loomine, arvestades nende k\u00f5iki huve ja tagades<\/p>\n","protected":false},"author":2,"featured_media":0,"parent":0,"menu_order":0,"comment_status":"closed","ping_status":"closed","template":"","meta":{"inline_featured_image":false,"footnotes":""},"class_list":["post-11910","page","type-page","status-publish","hentry","no-featured"],"_links":{"self":[{"href":"https:\/\/kinnisvara.stabimer.ee\/et\/wp-json\/wp\/v2\/pages\/11910","targetHints":{"allow":["GET"]}}],"collection":[{"href":"https:\/\/kinnisvara.stabimer.ee\/et\/wp-json\/wp\/v2\/pages"}],"about":[{"href":"https:\/\/kinnisvara.stabimer.ee\/et\/wp-json\/wp\/v2\/types\/page"}],"author":[{"embeddable":true,"href":"https:\/\/kinnisvara.stabimer.ee\/et\/wp-json\/wp\/v2\/users\/2"}],"replies":[{"embeddable":true,"href":"https:\/\/kinnisvara.stabimer.ee\/et\/wp-json\/wp\/v2\/comments?post=11910"}],"version-history":[{"count":4,"href":"https:\/\/kinnisvara.stabimer.ee\/et\/wp-json\/wp\/v2\/pages\/11910\/revisions"}],"predecessor-version":[{"id":12250,"href":"https:\/\/kinnisvara.stabimer.ee\/et\/wp-json\/wp\/v2\/pages\/11910\/revisions\/12250"}],"wp:attachment":[{"href":"https:\/\/kinnisvara.stabimer.ee\/et\/wp-json\/wp\/v2\/media?parent=11910"}],"curies":[{"name":"wp","href":"https:\/\/api.w.org\/{rel}","templated":true}]}}