{"id":11909,"date":"2014-09-19T10:07:01","date_gmt":"2014-09-19T10:07:01","guid":{"rendered":"http:\/\/kinnisvara3.sitedesign.ee\/contact\/"},"modified":"2026-03-02T07:31:22","modified_gmt":"2026-03-02T05:31:22","slug":"contact","status":"publish","type":"page","link":"https:\/\/kinnisvara.stabimer.ee\/et\/contact\/","title":{"rendered":"Kontaktid"},"content":{"rendered":"<div class=\"wpb-content-wrapper\"><p>[vc_row class=&#8221;marginlr-15&#8243;][vc_column width=&#8221;1\/3&#8243;][vc_column_text]<\/p>\n<h3>Stabimer Kinnisvara O\u00dc<\/h3>\n<p>Registrikood: 14170763<\/p>\n<p>&nbsp;<\/p>\n<p><strong>AS SEB Pank<\/strong><br \/>\nSEB Pank: Tornim\u00e4e 2, Tallinn, 15010<br \/>\nIBAN: <strong>EE 341\u00a0010\u00a0220\u00a0258\u00a0478\u00a0225<\/strong><br \/>\nBIC: EEUHEE2X<\/p>\n<p>&nbsp;<\/p>\n<p><strong>Swedbank AS<\/strong><br \/>\nSWED Pank: Liivalaia 8, Tallinn, 15040<br \/>\nIBAN:<br \/>\nBIC: HABAEE2X[\/vc_column_text][\/vc_column][vc_column width=&#8221;1\/3&#8243;][vc_raw_html css=&#8221;&#8221;]JTNDZGl2JTIwY2xhc3MlM0QlMjdrb250YWt0aSUyNyUzRSUwQSUwOSUwOSUzQ2gzJTNFTWVpZSUyMGFuZG1lZCUzQyUyRmgzJTNFJTBBJTA5JTA5JTNDdWwlM0UlMEElMDklMDklMjAlMDklM0NsaSUzRSUzQ2ElMjBocmVmJTNEJTIyaHR0cHMlM0ElMkYlMkZ3d3cuZ29vZ2xlLmNvbSUyRm1hcHMlMkZlbWJlZCUzRnBiJTNEJTIxMW0xOCUyMTFtMTIlMjExbTMlMjExZDE4NjAuODIxNTYyMTY2Nzg5NCUyMTJkMjQuNzE4MzUxMzAzMDY2NzclMjEzZDU5LjQyOTA2NjY1OTQ4OTAyJTIxMm0zJTIxMWYwJTIxMmYwJTIxM2YwJTIxM20yJTIxMWkxMDI0JTIxMmk3NjglMjE0ZjEzLjElMjEzbTMlMjExbTIlMjExczB4NDY5Mjk0ODU4N2VjMTg5ZCUyNTNBMHg0MTY1YTBjNDljMGFkNWQzJTIxMnNUdWxpa2ElMkIxOWMlMjUyQyUyQjEwNjEzJTJCVGFsbGlubiUyMTVlMCUyMTNtMiUyMTFzcnUlMjEyc2VlJTIxNHYxNTUzMDc0MDk1MzgzJTIyJTIwdGFyZ2V0JTNEJTIyX2JsYW5rJTIyJTNFJTNDaSUyMGNsYXNzJTNEJTIyZmElMjBmYS1tYXAtbWFya2VyJTIyJTIwYXJpYS1oaWRkZW4lM0QlMjJ0cnVlJTIyJTNFJTNDJTJGaSUzRSUyMFR1bGlrYSUyMHRuJTIwMTklMkMlMjA1JTIwLSUyMGtvcnJ1cyUyQyUyMEMlMjAtJTIwa29ycHVzJTJDJTIwMTA2MTMlMjBUYWxsaW5uJTJDJTIwRWVzdGklM0MlMkZhJTNFJTNDJTJGbGklM0UlMEElMEElMDklMDklMjAlMDklM0NsaSUzRSUwQSUwOSUwOSUyMCUwOSUwOSUzQ2ElMjBocmVmJTNEJTIydGVsJTNBJTJCMzcyNTIxODI4MSUyMiUzRSUzQ2klMjBjbGFzcyUzRCUyMmZhJTIwZmEtbW9iaWxlJTIyJTNFJTNDJTJGaSUzRSUyMCUyOCUyQjM3MiUyOSUyMDUyMTglMjAyODElM0MlMkZhJTNFJTBBJTA5JTA5JTIwJTA5JTA5JTNDYnIlMjAlMkYlM0UlM0NzcGFuJTIwY2xhc3MlM0QlMjJzZWNvbmRfYmxvY2tfdmliZXJfZm9vdGVyJTIyJTNFJTBBJTA5JTA5JTIwJTA5JTA5JTA5JTNDaW1nJTIwc3JjJTNEJTI3JTJGd3AtY29udGVudCUyRnVwbG9hZHMlMkYyMDE3JTJGMDIlMkZ2aWJlci5wbmclMjclMjBjbGFzcyUzRCUyN3NlY29uZF92aWJlcl9mb290ZXIlMjclMjBzdHlsZSUzRCUyMm1hcmdpbi1sZWZ0JTNBJTIwMCUyMCUyMWltcG9ydGFudCUzQiUyMiUyMCUyRiUzRSUyNm5ic3AlM0IlMjglMkIzNzIlMjklMjA1MjE4JTIwMjgxJTIwJTI4JTIwdmliZXIlMjAlMkYlMjB2YWNhcCUyMCUyRiUyMHRlbGVncmFtJTIwJTI5JTBBJTA5JTA5JTIwJTA5JTA5JTNDc3BhbiUzRSUwQSUwOSUwOSUyMCUwOSUzQyUyRmxpJTNFJTBBJTA5JTA5JTBBJTA5JTA5JTIwJTA5JTNDbGklM0UlM0NhJTIwaHJlZiUzRCUyMm1haWx0byUzQWtpbm5pc3ZhcmElNDBzdGFiaW1lci5lZSUyMiUzRSUzQ2klMjBjbGFzcyUzRCUyMmZhJTIwZmEtZW52ZWxvcGUtbyUyMiUzRSUzQyUyRmklM0UlMjBraW5uaXN2YXJhJTQwc3RhYmltZXIuZWUlM0MlMkZhJTNFJTNDJTJGbGklM0UlMEElMDklMDklMjAlMDklMEElMDklMDklMjAlMDklM0NsaSUyMHN0eWxlJTNEJTIybWFyZ2luLXRvcCUzQSUyMDMwcHglM0IlMjIlM0UlM0NpJTIwY2xhc3MlM0QlMjJmYSUyMGZhLWNsb2NrLW8lMjIlM0UlM0MlMkZpJTNFJTIwRXNtYXNwJUMzJUE0ZXYlMjAtJTIwcmVlZGUlMjAwOSUzQTAwJTIwLSUyMDE4JTNBMDAlM0MlMkZsaSUzRSUwQSUwOSUwOSUyMCUwOSUzQ2xpJTNFJTNDaSUyMGNsYXNzJTNEJTIyZmElMjBmYS1jbG9jay1vJTIyJTNFJTNDJTJGaSUzRSUyMExhdXAlQzMlQTRldiUyMC0lMjBwJUMzJUJDaGFwJUMzJUE0ZXYlMjAlM0NzcGFuJTIwc3R5bGUlM0QlMjdmb250LXdlaWdodCUzQTYwMCUzQnRleHQtZGVjb3JhdGlvbiUzQXVuZGVybGluZSUzQiUyNyUzRWtva2t1bGVwcGVsJTNDJTJGc3BhbiUzRSUzQyUyRmxpJTNFJTBBJTA5JTA5JTNDJTJGdWwlM0UlMEElMDklMDklM0MlMkZkaXYlM0U=[\/vc_raw_html][\/vc_column][vc_column width=&#8221;1\/3&#8243;][vc_raw_html css=&#8221;.vc_custom_1490207328741{margin-bottom: -20px !important;}&#8221;]JTNDaDMlM0VTYWFkYSUyMGslQzMlQkNzaW11cyUzQyUyRmgzJTNF[\/vc_raw_html]\n<div class=\"wpcf7 no-js\" id=\"wpcf7-f11889-o1\" lang=\"ru-RU\" dir=\"ltr\" data-wpcf7-id=\"11889\">\n<div class=\"screen-reader-response\"><p role=\"status\" aria-live=\"polite\" aria-atomic=\"true\"><\/p> <ul><\/ul><\/div>\n<form action=\"\/et\/wp-json\/wp\/v2\/pages\/11909#wpcf7-f11889-o1\" method=\"post\" class=\"wpcf7-form init\" aria-label=\"Contact form\" novalidate=\"novalidate\" data-status=\"init\">\n<fieldset class=\"hidden-fields-container\"><input type=\"hidden\" name=\"_wpcf7\" value=\"11889\" \/><input type=\"hidden\" name=\"_wpcf7_version\" value=\"6.1.5\" \/><input type=\"hidden\" name=\"_wpcf7_locale\" value=\"ru_RU\" \/><input type=\"hidden\" name=\"_wpcf7_unit_tag\" value=\"wpcf7-f11889-o1\" \/><input type=\"hidden\" name=\"_wpcf7_container_post\" value=\"0\" \/><input type=\"hidden\" name=\"_wpcf7_posted_data_hash\" value=\"\" \/>\n<\/fieldset>\n<div class=\"form_contact_sd\">\n\t<p><label><span class=\"wpcf7-form-control-wrap\" data-name=\"your-name\"><input size=\"40\" maxlength=\"400\" class=\"wpcf7-form-control wpcf7-text\" aria-invalid=\"false\" placeholder=\"Nimi\" value=\"\" type=\"text\" name=\"your-name\" \/><\/span><\/label><br \/>\n<label><span class=\"wpcf7-form-control-wrap\" data-name=\"your-email\"><input size=\"40\" maxlength=\"400\" class=\"wpcf7-form-control wpcf7-email wpcf7-validates-as-required wpcf7-text wpcf7-validates-as-email\" aria-required=\"true\" aria-invalid=\"false\" placeholder=\"E-post *\" value=\"\" type=\"email\" name=\"your-email\" \/><\/span><\/label><br \/>\n<label><span class=\"wpcf7-form-control-wrap\" data-name=\"tel-660\"><input size=\"40\" maxlength=\"400\" class=\"wpcf7-form-control wpcf7-tel wpcf7-validates-as-required wpcf7-text wpcf7-validates-as-tel\" aria-required=\"true\" aria-invalid=\"false\" placeholder=\"Telefon *\" value=\"\" type=\"tel\" name=\"tel-660\" \/><\/span><\/label><br \/>\n<label><span class=\"wpcf7-form-control-wrap\" data-name=\"your-message\"><textarea cols=\"40\" rows=\"10\" maxlength=\"2000\" class=\"wpcf7-form-control wpcf7-textarea\" aria-invalid=\"false\" placeholder=\"Teade\" name=\"your-message\"><\/textarea><\/span><\/label><br \/>\n<input class=\"wpcf7-form-control wpcf7-submit has-spinner\" type=\"submit\" value=\"Saada\" \/>\n\t<\/p>\n<\/div><input type='hidden' class='wpcf7-pum' value='{\"closepopup\":false,\"closedelay\":0,\"openpopup\":false,\"openpopup_id\":0}' \/><div class=\"wpcf7-response-output\" aria-hidden=\"true\"><\/div>\n<\/form>\n<\/div>\n[\/vc_column][\/vc_row][vc_row padding_top=&#8221;50&#8243; padding_bottom=&#8221;0&#8243; class=&#8221;marginlr-15&#8243;][vc_column custom_style=&#8221;padding-left:0; padding-right: 0;&#8221;][vc_gmaps link=&#8221;#E-8_JTNDaWZyYW1lJTIwc3JjJTNEJTIyaHR0cHMlM0ElMkYlMkZ3d3cuZ29vZ2xlLmNvbSUyRm1hcHMlMkZlbWJlZCUzRnBiJTNEJTIxMW0xOCUyMTFtMTIlMjExbTMlMjExZDE4NjAuODIxNTYyMTY2Nzg5NCUyMTJkMjQuNzE4MzUxMzAzMDY2NzclMjEzZDU5LjQyOTA2NjY1OTQ4OTAyJTIxMm0zJTIxMWYwJTIxMmYwJTIxM2YwJTIxM20yJTIxMWkxMDI0JTIxMmk3NjglMjE0ZjEzLjElMjEzbTMlMjExbTIlMjExczB4NDY5Mjk0ODU4N2VjMTg5ZCUyNTNBMHg0MTY1YTBjNDljMGFkNWQzJTIxMnNUdWxpa2ElMkIxOWMlMjUyQyUyQjEwNjEzJTJCVGFsbGlubiUyMTVlMCUyMTNtMiUyMTFzcnUlMjEyc2VlJTIxNHYxNTUzMDc0MDk1MzgzJTIyJTIwd2lkdGglM0QlMjIxMDAlMjUlMjIlMjBoZWlnaHQlM0QlMjIyNDAlMjIlMjBmcmFtZWJvcmRlciUzRCUyMjAlMjIlMjBzdHlsZSUzRCUyMmJvcmRlciUzQTAlMjIlMjBhbGxvd2Z1bGxzY3JlZW4lM0UlM0MlMkZpZnJhbWUlM0U=&#8221; size=&#8221;240&#8243; el_class=&#8221;map_contacts&#8221;][\/vc_column][\/vc_row][vc_row padding_top=&#8221;50&#8243; padding_bottom=&#8221;50&#8243; class=&#8221;marginlr-15&#8243;][vc_column width=&#8221;1\/2&#8243;][vc_column_text]<\/p>\n<h3 style=\"text-align: left;\" align=\"center\"><i class=\"fa fa-car\"><\/i> <strong>NB!<\/strong>\u00a0Suur parkla maja sisehoovis.<\/h3>\n<p>A, B ja C korpuse fuajeedes asuvad parkimise kioskid, kus k\u00f5igil maja k\u00fclastavatel inimestel on v\u00f5imalik sisestada enda auto registreerimisnumber.<\/p>\n<p>Numbri sisestamine annab \u00f5iguse parkida territooriumil maksimaalselt \u00fcks tund \u00f6\u00f6p\u00e4evas <strong>tasuta<\/strong>. Iga j\u00e4rgmise tunni maksumus on 1 euro. Parkimiskellaga on v\u00f5imalik tasuta parkida maksimaalselt 15 minutit.<br \/>\n<strong>Meie b\u00fcroole l\u00e4him tasuta parkla asub 100 m kaugusel Kristiine Keskuse juures.<\/strong><\/p>\n<p>[\/vc_column_text][\/vc_column][vc_column width=&#8221;1\/2&#8243;][vc_column_text class=&#8221;transport_sd&#8221;]<\/p>\n<h3><strong>\u00dchistranspordiga<\/strong><\/h3>\n<p><strong>Kesklinnast liikudes:<\/strong> Bussid nr 16, nr 17, nr 17\u0410, nr 23, peatus Taksopark<br \/>\n<strong>Mustam\u00e4elt liikudes:<\/strong> Trollid nr 3, nr 4, peatus Taksopark<br \/>\nBussid nr 16, nr 17, nr 17\u0410, nr 23, nr 24, nr 24\u0410, peatus Taksopark<br \/>\n<strong>\u00d5ism\u00e4elt liikudes:<\/strong> Bussid nr 16, nr 47, nr 42, peatus Taksopark<br \/>\n<strong>Koplist liikudes:<\/strong> Buss nr 32,\u00a0nr 72, peatus \u00dclase\/Taksopark[\/vc_column_text][\/vc_column][\/vc_row]<\/p>\n<\/div>","protected":false},"excerpt":{"rendered":"<p>[vc_row class=&#8221;marginlr-15&#8243;][vc_column width=&#8221;1\/3&#8243;][vc_column_text] Stabimer Kinnisvara O\u00dc Registrikood: 14170763  AS SEB Pank SEB Pank: Tornim\u00e4e 2, Tallinn, 15010 IBAN: EE 341\u00a0010\u00a0220\u00a0258\u00a0478\u00a0225 BIC: EEUHEE2X  Swedbank AS SWED Pank: Liivalaia 8, Tallinn, 15040 IBAN: BIC: HABAEE2X[\/vc_column_text][\/vc_column][vc_column width=&#8221;1\/3&#8243;][vc_raw_html css=&#8221;&#8221;]JTNDZGl2JTIwY2xhc3MlM0QlMjdrb250YWt0aSUyNyUzRSUwQSUwOSUwOSUzQ2gzJTNFTWVpZSUyMGFuZG1lZCUzQyUyRmgzJTNFJTBBJTA5JTA5JTNDdWwlM0UlMEElMDklMDklMjAlMDklM0NsaSUzRSUzQ2ElMjBocmVmJTNEJTIyaHR0cHMlM0ElMkYlMkZ3d3cuZ29vZ2xlLmNvbSUyRm1hcHMlMkZlbWJlZCUzRnBiJTNEJTIxMW0xOCUyMTFtMTIlMjExbTMlMjExZDE4NjAuODIxNTYyMTY2Nzg5NCUyMTJkMjQuNzE4MzUxMzAzMDY2NzclMjEzZDU5LjQyOTA2NjY1OTQ4OTAyJTIxMm0zJTIxMWYwJTIxMmYwJTIxM2YwJTIxM20yJTIxMWkxMDI0JTIxMmk3NjglMjE0ZjEzLjElMjEzbTMlMjExbTIlMjExczB4NDY5Mjk0ODU4N2VjMTg5ZCUyNTNBMHg0MTY1YTBjNDljMGFkNWQzJTIxMnNUdWxpa2ElMkIxOWMlMjUyQyUyQjEwNjEzJTJCVGFsbGlubiUyMTVlMCUyMTNtMiUyMTFzcnUlMjEyc2VlJTIxNHYxNTUzMDc0MDk1MzgzJTIyJTIwdGFyZ2V0JTNEJTIyX2JsYW5rJTIyJTNFJTNDaSUyMGNsYXNzJTNEJTIyZmElMjBmYS1tYXAtbWFya2VyJTIyJTIwYXJpYS1oaWRkZW4lM0QlMjJ0cnVlJTIyJTNFJTNDJTJGaSUzRSUyMFR1bGlrYSUyMHRuJTIwMTklMkMlMjA1JTIwLSUyMGtvcnJ1cyUyQyUyMEMlMjAtJTIwa29ycHVzJTJDJTIwMTA2MTMlMjBUYWxsaW5uJTJDJTIwRWVzdGklM0MlMkZhJTNFJTNDJTJGbGklM0UlMEElMEElMDklMDklMjAlMDklM0NsaSUzRSUwQSUwOSUwOSUyMCUwOSUwOSUzQ2ElMjBocmVmJTNEJTIydGVsJTNBJTJCMzcyNTIxODI4MSUyMiUzRSUzQ2klMjBjbGFzcyUzRCUyMmZhJTIwZmEtbW9iaWxlJTIyJTNFJTNDJTJGaSUzRSUyMCUyOCUyQjM3MiUyOSUyMDUyMTglMjAyODElM0MlMkZhJTNFJTBBJTA5JTA5JTIwJTA5JTA5JTNDYnIlMjAlMkYlM0UlM0NzcGFuJTIwY2xhc3MlM0QlMjJzZWNvbmRfYmxvY2tfdmliZXJfZm9vdGVyJTIyJTNFJTBBJTA5JTA5JTIwJTA5JTA5JTA5JTNDaW1nJTIwc3JjJTNEJTI3JTJGd3AtY29udGVudCUyRnVwbG9hZHMlMkYyMDE3JTJGMDIlMkZ2aWJlci5wbmclMjclMjBjbGFzcyUzRCUyN3NlY29uZF92aWJlcl9mb290ZXIlMjclMjBzdHlsZSUzRCUyMm1hcmdpbi1sZWZ0JTNBJTIwMCUyMCUyMWltcG9ydGFudCUzQiUyMiUyMCUyRiUzRSUyNm5ic3AlM0IlMjglMkIzNzIlMjklMjA1MjE4JTIwMjgxJTIwJTI4JTIwdmliZXIlMjAlMkYlMjB2YWNhcCUyMCUyRiUyMHRlbGVncmFtJTIwJTI5JTBBJTA5JTA5JTIwJTA5JTA5JTNDc3BhbiUzRSUwQSUwOSUwOSUyMCUwOSUzQyUyRmxpJTNFJTBBJTA5JTA5JTBBJTA5JTA5JTIwJTA5JTNDbGklM0UlM0NhJTIwaHJlZiUzRCUyMm1haWx0byUzQWtpbm5pc3ZhcmElNDBzdGFiaW1lci5lZSUyMiUzRSUzQ2klMjBjbGFzcyUzRCUyMmZhJTIwZmEtZW52ZWxvcGUtbyUyMiUzRSUzQyUyRmklM0UlMjBraW5uaXN2YXJhJTQwc3RhYmltZXIuZWUlM0MlMkZhJTNFJTNDJTJGbGklM0UlMEElMDklMDklMjAlMDklMEElMDklMDklMjAlMDklM0NsaSUyMHN0eWxlJTNEJTIybWFyZ2luLXRvcCUzQSUyMDMwcHglM0IlMjIlM0UlM0NpJTIwY2xhc3MlM0QlMjJmYSUyMGZhLWNsb2NrLW8lMjIlM0UlM0MlMkZpJTNFJTIwRXNtYXNwJUMzJUE0ZXYlMjAtJTIwcmVlZGUlMjAwOSUzQTAwJTIwLSUyMDE4JTNBMDAlM0MlMkZsaSUzRSUwQSUwOSUwOSUyMCUwOSUzQ2xpJTNFJTNDaSUyMGNsYXNzJTNEJTIyZmElMjBmYS1jbG9jay1vJTIyJTNFJTNDJTJGaSUzRSUyMExhdXAlQzMlQTRldiUyMC0lMjBwJUMzJUJDaGFwJUMzJUE0ZXYlMjAlM0NzcGFuJTIwc3R5bGUlM0QlMjdmb250LXdlaWdodCUzQTYwMCUzQnRleHQtZGVjb3JhdGlvbiUzQXVuZGVybGluZSUzQiUyNyUzRWtva2t1bGVwcGVsJTNDJTJGc3BhbiUzRSUzQyUyRmxpJTNFJTBBJTA5JTA5JTNDJTJGdWwlM0UlMEElMDklMDklM0MlMkZkaXYlM0U=[\/vc_raw_html][\/vc_column][vc_column width=&#8221;1\/3&#8243;][vc_raw_html css=&#8221;.vc_custom_1490207328741{margin-bottom: -20px !important;}&#8221;]JTNDaDMlM0VTYWFkYSUyMGslQzMlQkNzaW11cyUzQyUyRmgzJTNF[\/vc_raw_html][\/vc_column][\/vc_row][vc_row padding_top=&#8221;50&#8243; padding_bottom=&#8221;0&#8243; class=&#8221;marginlr-15&#8243;][vc_column custom_style=&#8221;padding-left:0; padding-right: 0;&#8221;][vc_gmaps link=&#8221;#E-8_JTNDaWZyYW1lJTIwc3JjJTNEJTIyaHR0cHMlM0ElMkYlMkZ3d3cuZ29vZ2xlLmNvbSUyRm1hcHMlMkZlbWJlZCUzRnBiJTNEJTIxMW0xOCUyMTFtMTIlMjExbTMlMjExZDE4NjAuODIxNTYyMTY2Nzg5NCUyMTJkMjQuNzE4MzUxMzAzMDY2NzclMjEzZDU5LjQyOTA2NjY1OTQ4OTAyJTIxMm0zJTIxMWYwJTIxMmYwJTIxM2YwJTIxM20yJTIxMWkxMDI0JTIxMmk3NjglMjE0ZjEzLjElMjEzbTMlMjExbTIlMjExczB4NDY5Mjk0ODU4N2VjMTg5ZCUyNTNBMHg0MTY1YTBjNDljMGFkNWQzJTIxMnNUdWxpa2ElMkIxOWMlMjUyQyUyQjEwNjEzJTJCVGFsbGlubiUyMTVlMCUyMTNtMiUyMTFzcnUlMjEyc2VlJTIxNHYxNTUzMDc0MDk1MzgzJTIyJTIwd2lkdGglM0QlMjIxMDAlMjUlMjIlMjBoZWlnaHQlM0QlMjIyNDAlMjIlMjBmcmFtZWJvcmRlciUzRCUyMjAlMjIlMjBzdHlsZSUzRCUyMmJvcmRlciUzQTAlMjIlMjBhbGxvd2Z1bGxzY3JlZW4lM0UlM0MlMkZpZnJhbWUlM0U=&#8221; size=&#8221;240&#8243; el_class=&#8221;map_contacts&#8221;][\/vc_column][\/vc_row][vc_row padding_top=&#8221;50&#8243; padding_bottom=&#8221;50&#8243; class=&#8221;marginlr-15&#8243;][vc_column width=&#8221;1\/2&#8243;][vc_column_text] NB!\u00a0Suur parkla maja sisehoovis. A, B ja C korpuse fuajeedes asuvad parkimise kioskid, kus k\u00f5igil maja k\u00fclastavatel inimestel on v\u00f5imalik sisestada enda auto registreerimisnumber. Numbri sisestamine annab \u00f5iguse parkida territooriumil maksimaalselt \u00fcks tund \u00f6\u00f6p\u00e4evas tasuta. Iga j\u00e4rgmise tunni maksumus on 1 euro. Parkimiskellaga on v\u00f5imalik tasuta parkida maksimaalselt 15 minutit. Meie b\u00fcroole l\u00e4him tasuta parkla asub 100 m kaugusel Kristiine Keskuse juures. [\/vc_column_text][\/vc_column][vc_column width=&#8221;1\/2&#8243;][vc_column_text class=&#8221;transport_sd&#8221;] \u00dchistranspordiga Kesklinnast liikudes: Bussid nr 16, nr 17, nr 17\u0410, nr 23, peatus Taksopark Mustam\u00e4elt liikudes: Trollid nr 3, nr 4, peatus Taksopark Bussid nr 16, nr 17, nr 17\u0410, nr 23, nr 24, nr 24\u0410, peatus Taksopark \u00d5ism\u00e4elt liikudes: Bussid nr 16, nr 47, nr 42, peatus Taksopark Koplist liikudes: Buss nr 32,\u00a0nr 72, peatus \u00dclase\/Taksopark[\/vc_column_text][\/vc_column][\/vc_row]<\/p>\n","protected":false},"author":1,"featured_media":0,"parent":0,"menu_order":0,"comment_status":"open","ping_status":"open","template":"","meta":{"inline_featured_image":false,"footnotes":""},"class_list":["post-11909","page","type-page","status-publish","hentry","no-featured"],"_links":{"self":[{"href":"https:\/\/kinnisvara.stabimer.ee\/et\/wp-json\/wp\/v2\/pages\/11909","targetHints":{"allow":["GET"]}}],"collection":[{"href":"https:\/\/kinnisvara.stabimer.ee\/et\/wp-json\/wp\/v2\/pages"}],"about":[{"href":"https:\/\/kinnisvara.stabimer.ee\/et\/wp-json\/wp\/v2\/types\/page"}],"author":[{"embeddable":true,"href":"https:\/\/kinnisvara.stabimer.ee\/et\/wp-json\/wp\/v2\/users\/1"}],"replies":[{"embeddable":true,"href":"https:\/\/kinnisvara.stabimer.ee\/et\/wp-json\/wp\/v2\/comments?post=11909"}],"version-history":[{"count":16,"href":"https:\/\/kinnisvara.stabimer.ee\/et\/wp-json\/wp\/v2\/pages\/11909\/revisions"}],"predecessor-version":[{"id":13202,"href":"https:\/\/kinnisvara.stabimer.ee\/et\/wp-json\/wp\/v2\/pages\/11909\/revisions\/13202"}],"wp:attachment":[{"href":"https:\/\/kinnisvara.stabimer.ee\/et\/wp-json\/wp\/v2\/media?parent=11909"}],"curies":[{"name":"wp","href":"https:\/\/api.w.org\/{rel}","templated":true}]}}